{"id":9896,"date":"2024-11-25T21:28:20","date_gmt":"2024-11-25T21:28:20","guid":{"rendered":"https:\/\/masterdance.academy\/sklep\/?post_type=product&#038;p=9896"},"modified":"2026-03-12T21:55:41","modified_gmt":"2026-03-12T21:55:41","slug":"turnboard-deska-do-nauki-piruetow","status":"publish","type":"product","link":"https:\/\/masterdance.academy\/sklep\/turnboard-deska-do-nauki-piruetow\/","title":{"rendered":"Turnboard &#8211; deska do nauki piruet\u00f3w"},"content":{"rendered":"<p>kolor: r\u00f3\u017cowy<\/p>","protected":false},"excerpt":{"rendered":"<p><strong>kolor:<\/strong> r\u00f3\u017cowy <strong>wymiary:<\/strong> 27,5 cm x 1,5 cm x 7,5 cm<\/p>\n","protected":false},"author":1,"featured_media":12359,"template":"","meta":[],"product_cat":[54],"product_tag":[],"class_list":{"0":"post-9896","1":"product","2":"type-product","3":"status-publish","4":"has-post-thumbnail","6":"product_cat-akcesoria","8":"first","9":"instock","10":"taxable","11":"shipping-taxable","12":"purchasable","13":"product-type-simple"},"_links":{"self":[{"href":"https:\/\/masterdance.academy\/sklep\/wp-json\/wp\/v2\/product\/9896","targetHints":{"allow":["GET"]}}],"collection":[{"href":"https:\/\/masterdance.academy\/sklep\/wp-json\/wp\/v2\/product"}],"about":[{"href":"https:\/\/masterdance.academy\/sklep\/wp-json\/wp\/v2\/types\/product"}],"author":[{"embeddable":true,"href":"https:\/\/masterdance.academy\/sklep\/wp-json\/wp\/v2\/users\/1"}],"wp:featuredmedia":[{"embeddable":true,"href":"https:\/\/masterdance.academy\/sklep\/wp-json\/wp\/v2\/media\/12359"}],"wp:attachment":[{"href":"https:\/\/masterdance.academy\/sklep\/wp-json\/wp\/v2\/media?parent=9896"}],"wp:term":[{"taxonomy":"product_cat","embeddable":true,"href":"https:\/\/masterdance.academy\/sklep\/wp-json\/wp\/v2\/product_cat?post=9896"},{"taxonomy":"product_tag","embeddable":true,"href":"https:\/\/masterdance.academy\/sklep\/wp-json\/wp\/v2\/product_tag?post=9896"}],"curies":[{"name":"wp","href":"https:\/\/api.w.org\/{rel}","templated":true}]}}