{"id":9334,"date":"2024-04-16T08:48:01","date_gmt":"2024-04-16T08:48:01","guid":{"rendered":"https:\/\/masterdance.academy\/sklep\/?post_type=product&#038;p=9334"},"modified":"2025-04-10T04:56:20","modified_gmt":"2025-04-10T04:56:20","slug":"szpilki-do-koka-czarne-20-szt","status":"publish","type":"product","link":"https:\/\/masterdance.academy\/sklep\/szpilki-do-koka-czarne-20-szt\/","title":{"rendered":"Szpilki do koka &#8211; czarne (20 szt.)"},"content":{"rendered":"","protected":false},"excerpt":{"rendered":"<p>Szpilki do koka odpowiednie dla w\u0142os\u00f3w ciemnych.<\/p>\n<p>Wybierz najlepsz\u0105 d\u0142ugo\u015b\u0107 dla siebie:<\/p>\n<p>Szpilki 4,5 cm &#8211; odpowiednie dla w\u0142os\u00f3w kr\u00f3tkich lub cie\u0144szych<br \/>\nSzpilki 6,5 cm &#8211; odpowiednie dla w\u0142os\u00f3w d\u0142ugich<\/p>\n","protected":false},"author":1,"featured_media":9346,"template":"","meta":[],"product_cat":[54],"product_tag":[],"class_list":{"0":"post-9334","1":"product","2":"type-product","3":"status-publish","4":"has-post-thumbnail","6":"product_cat-akcesoria","8":"first","9":"instock","10":"taxable","11":"shipping-taxable","12":"purchasable","13":"product-type-variable"},"_links":{"self":[{"href":"https:\/\/masterdance.academy\/sklep\/wp-json\/wp\/v2\/product\/9334","targetHints":{"allow":["GET"]}}],"collection":[{"href":"https:\/\/masterdance.academy\/sklep\/wp-json\/wp\/v2\/product"}],"about":[{"href":"https:\/\/masterdance.academy\/sklep\/wp-json\/wp\/v2\/types\/product"}],"author":[{"embeddable":true,"href":"https:\/\/masterdance.academy\/sklep\/wp-json\/wp\/v2\/users\/1"}],"wp:featuredmedia":[{"embeddable":true,"href":"https:\/\/masterdance.academy\/sklep\/wp-json\/wp\/v2\/media\/9346"}],"wp:attachment":[{"href":"https:\/\/masterdance.academy\/sklep\/wp-json\/wp\/v2\/media?parent=9334"}],"wp:term":[{"taxonomy":"product_cat","embeddable":true,"href":"https:\/\/masterdance.academy\/sklep\/wp-json\/wp\/v2\/product_cat?post=9334"},{"taxonomy":"product_tag","embeddable":true,"href":"https:\/\/masterdance.academy\/sklep\/wp-json\/wp\/v2\/product_tag?post=9334"}],"curies":[{"name":"wp","href":"https:\/\/api.w.org\/{rel}","templated":true}]}}