{"id":9333,"date":"2024-04-24T17:27:20","date_gmt":"2024-04-24T17:27:20","guid":{"rendered":"https:\/\/masterdance.academy\/sklep\/?post_type=product&#038;p=9333"},"modified":"2026-03-13T19:41:30","modified_gmt":"2026-03-13T19:41:30","slug":"siatka-do-koka-2-szt","status":"publish","type":"product","link":"https:\/\/masterdance.academy\/sklep\/siatka-do-koka-2-szt\/","title":{"rendered":"Siatka do koka (2 szt.) &#8211; r\u00f3\u017cne kolory"},"content":{"rendered":"","protected":false},"excerpt":{"rendered":"<p>Siatka do koczka pozwala na stworzenie schludnej i trwa\u0142ej fryzury, kt\u00f3ra wytrzyma ka\u017cd\u0105 lekcj\u0119 ta\u0144ca lub taneczny wyst\u0119p.<\/p>\n<p><b>Ilo\u015b\u0107 w opakowaniu: <\/b>2 sztuki<\/p>\n<p><b>Wielko\u015b\u0107: <\/b>one size<\/p>\n<p><b>Kolory do wyboru<\/b>: Blond, Jasny Br\u0105z, Ciemny Br\u0105z, Czarny<\/p>\n","protected":false},"author":1,"featured_media":9353,"template":"","meta":[],"product_cat":[54],"product_tag":[],"class_list":{"0":"post-9333","1":"product","2":"type-product","3":"status-publish","4":"has-post-thumbnail","6":"product_cat-akcesoria","8":"first","9":"instock","10":"taxable","11":"shipping-taxable","12":"purchasable","13":"product-type-variable"},"_links":{"self":[{"href":"https:\/\/masterdance.academy\/sklep\/wp-json\/wp\/v2\/product\/9333","targetHints":{"allow":["GET"]}}],"collection":[{"href":"https:\/\/masterdance.academy\/sklep\/wp-json\/wp\/v2\/product"}],"about":[{"href":"https:\/\/masterdance.academy\/sklep\/wp-json\/wp\/v2\/types\/product"}],"author":[{"embeddable":true,"href":"https:\/\/masterdance.academy\/sklep\/wp-json\/wp\/v2\/users\/1"}],"wp:featuredmedia":[{"embeddable":true,"href":"https:\/\/masterdance.academy\/sklep\/wp-json\/wp\/v2\/media\/9353"}],"wp:attachment":[{"href":"https:\/\/masterdance.academy\/sklep\/wp-json\/wp\/v2\/media?parent=9333"}],"wp:term":[{"taxonomy":"product_cat","embeddable":true,"href":"https:\/\/masterdance.academy\/sklep\/wp-json\/wp\/v2\/product_cat?post=9333"},{"taxonomy":"product_tag","embeddable":true,"href":"https:\/\/masterdance.academy\/sklep\/wp-json\/wp\/v2\/product_tag?post=9333"}],"curies":[{"name":"wp","href":"https:\/\/api.w.org\/{rel}","templated":true}]}}