{"id":7947,"date":"2023-02-26T11:58:19","date_gmt":"2023-02-26T11:58:19","guid":{"rendered":"https:\/\/masterdance.academy\/sklep\/?post_type=product&#038;p=7947"},"modified":"2026-03-13T19:47:41","modified_gmt":"2026-03-13T19:47:41","slug":"skarpetki-sportowe-master-dance","status":"publish","type":"product","link":"https:\/\/masterdance.academy\/sklep\/skarpetki-sportowe-master-dance\/","title":{"rendered":"Skarpetki sportowe MASTER DANCE"},"content":{"rendered":"","protected":false},"excerpt":{"rendered":"<p>Skarpetki sportowe<\/p>\n<p>Grube i wygodne, \u015bwietnie trzymaj\u0105 si\u0119 parkietu. Idealne do ka\u017cdego stylu ta\u0144ca, do kr\u0119cenia piruet\u00f3w jazzowych lub jako uzupe\u0142nienie hip-hopowego look&#8217;u.<\/p>\n<p><strong>Kolor:<\/strong> czarny<\/p>\n<p><strong>Wz\u00f3r:<\/strong> bia\u0142e logo MASTER DANCE Academy na kostce, gwiazda MDA na podeszwie<\/p>\n<p><strong>Kr\u00f3j:<\/strong> za kostk\u0119, kr\u00f3j sportowy, Unisex<\/p>\n<p><strong>Materia\u0142:<\/strong> 80% bawe\u0142na czesana, 17% poliamid, 3% elastan<\/p>\n","protected":false},"author":1,"featured_media":8561,"template":"","meta":[],"product_cat":[53],"product_tag":[],"class_list":{"0":"post-7947","1":"product","2":"type-product","3":"status-publish","4":"has-post-thumbnail","6":"product_cat-skarpetki","8":"first","9":"instock","10":"taxable","11":"shipping-taxable","12":"purchasable","13":"product-type-variable"},"_links":{"self":[{"href":"https:\/\/masterdance.academy\/sklep\/wp-json\/wp\/v2\/product\/7947","targetHints":{"allow":["GET"]}}],"collection":[{"href":"https:\/\/masterdance.academy\/sklep\/wp-json\/wp\/v2\/product"}],"about":[{"href":"https:\/\/masterdance.academy\/sklep\/wp-json\/wp\/v2\/types\/product"}],"author":[{"embeddable":true,"href":"https:\/\/masterdance.academy\/sklep\/wp-json\/wp\/v2\/users\/1"}],"wp:featuredmedia":[{"embeddable":true,"href":"https:\/\/masterdance.academy\/sklep\/wp-json\/wp\/v2\/media\/8561"}],"wp:attachment":[{"href":"https:\/\/masterdance.academy\/sklep\/wp-json\/wp\/v2\/media?parent=7947"}],"wp:term":[{"taxonomy":"product_cat","embeddable":true,"href":"https:\/\/masterdance.academy\/sklep\/wp-json\/wp\/v2\/product_cat?post=7947"},{"taxonomy":"product_tag","embeddable":true,"href":"https:\/\/masterdance.academy\/sklep\/wp-json\/wp\/v2\/product_tag?post=7947"}],"curies":[{"name":"wp","href":"https:\/\/api.w.org\/{rel}","templated":true}]}}