{"id":12378,"date":"2026-03-30T19:56:10","date_gmt":"2026-03-30T19:56:10","guid":{"rendered":"https:\/\/masterdance.academy\/sklep\/?post_type=product&#038;p=12378"},"modified":"2026-03-30T19:56:55","modified_gmt":"2026-03-30T19:56:55","slug":"rajstopy-baletowe-welurowe","status":"publish","type":"product","link":"https:\/\/masterdance.academy\/sklep\/rajstopy-baletowe-welurowe\/","title":{"rendered":"Rajstopy baletowe welurowe"},"content":{"rendered":"","protected":false},"excerpt":{"rendered":"<p><strong>Rajstopy baletowe welurowe z dziurk\u0105 na podeszwie stopy<\/strong> to doskona\u0142e po\u0142\u0105czenie komfortu i trwa\u0142o\u015bci dla tancerek na ka\u017cdym poziomie zaawansowania. Wykonane z mi\u0119kkiego, elastycznego materia\u0142u o welurowym wyko\u0144czeniu, s\u0105 przyjemne w dotyku i <strong>mniej podatne na zaci\u0105gni\u0119cia ni\u017c klasyczne rajstopy<\/strong>, dzi\u0119ki czemu d\u0142u\u017cej zachowuj\u0105 estetyczny wygl\u0105d.<\/p>\n<p>Praktyczna <strong>dziurka na podeszwie stopy<\/strong> u\u0142atwia piel\u0119gnacj\u0119 st\u00f3p oraz szybkie przej\u015bcie mi\u0119dzy \u0107wiczeniami w rajstopach i bez nich. Model jest <strong>szczeg\u00f3lnie polecany do treningu w pointach<\/strong>, poniewa\u017c umo\u017cliwia wygodny dost\u0119p do st\u00f3p, regulacj\u0119 ochraniaczy oraz poprawki bez konieczno\u015bci zdejmowania rajstop.<\/p>\n<p>Elastyczna struktura zapewnia dopasowanie oraz swobod\u0119 ruch\u00f3w podczas trening\u00f3w i wyst\u0119p\u00f3w.<\/p>\n<p>Dla <strong>maksymalnej wygody zalecamy wyb\u00f3r rozmiaru o jeden wi\u0119kszego<\/strong>. Idealne do baletu, zaj\u0119\u0107 tanecznych i pracy na pointach.<\/p>\n","protected":false},"author":1,"featured_media":12386,"template":"","meta":[],"product_cat":[54],"product_tag":[],"class_list":{"0":"post-12378","1":"product","2":"type-product","3":"status-publish","4":"has-post-thumbnail","6":"product_cat-akcesoria","8":"first","9":"instock","10":"taxable","11":"shipping-taxable","12":"purchasable","13":"product-type-variable"},"_links":{"self":[{"href":"https:\/\/masterdance.academy\/sklep\/wp-json\/wp\/v2\/product\/12378","targetHints":{"allow":["GET"]}}],"collection":[{"href":"https:\/\/masterdance.academy\/sklep\/wp-json\/wp\/v2\/product"}],"about":[{"href":"https:\/\/masterdance.academy\/sklep\/wp-json\/wp\/v2\/types\/product"}],"author":[{"embeddable":true,"href":"https:\/\/masterdance.academy\/sklep\/wp-json\/wp\/v2\/users\/1"}],"wp:featuredmedia":[{"embeddable":true,"href":"https:\/\/masterdance.academy\/sklep\/wp-json\/wp\/v2\/media\/12386"}],"wp:attachment":[{"href":"https:\/\/masterdance.academy\/sklep\/wp-json\/wp\/v2\/media?parent=12378"}],"wp:term":[{"taxonomy":"product_cat","embeddable":true,"href":"https:\/\/masterdance.academy\/sklep\/wp-json\/wp\/v2\/product_cat?post=12378"},{"taxonomy":"product_tag","embeddable":true,"href":"https:\/\/masterdance.academy\/sklep\/wp-json\/wp\/v2\/product_tag?post=12378"}],"curies":[{"name":"wp","href":"https:\/\/api.w.org\/{rel}","templated":true}]}}