{"id":12375,"date":"2026-03-30T19:31:27","date_gmt":"2026-03-30T19:31:27","guid":{"rendered":"https:\/\/masterdance.academy\/sklep\/?post_type=product&#038;p=12375"},"modified":"2026-03-30T19:31:30","modified_gmt":"2026-03-30T19:31:30","slug":"woskowy-aplikator-do-krysztalkow","status":"publish","type":"product","link":"https:\/\/masterdance.academy\/sklep\/woskowy-aplikator-do-krysztalkow\/","title":{"rendered":"Woskowy aplikator do kryszta\u0142k\u00f3w"},"content":{"rendered":"","protected":false},"excerpt":{"rendered":"<p>Woskowy aplikator do kryszta\u0142k\u00f3w w formie kredki to praktyczne narz\u0119dzie u\u0142atwiaj\u0105ce precyzyjne nak\u0142adanie drobnych ozd\u00f3b na kostiumy taneczne. Woskowa ko\u0144c\u00f3wka pozwala \u0142atwo podnosi\u0107 i umieszcza\u0107 kryszta\u0142ki, pere\u0142ki czy cekiny bez u\u017cycia p\u0119sety, co znacz\u0105co przyspiesza dekorowanie. U\u017cycie kredki zapewnia wygodny chwyt i pe\u0142n\u0105 kontrol\u0119 podczas pracy nad detalami. Idealny do tworzenia efektownych zdobie\u0144 na strojach, butach i akcesoriach tanecznych.<\/p>\n","protected":false},"author":1,"featured_media":12376,"template":"","meta":[],"product_cat":[54],"product_tag":[],"class_list":{"0":"post-12375","1":"product","2":"type-product","3":"status-publish","4":"has-post-thumbnail","6":"product_cat-akcesoria","8":"first","9":"instock","10":"taxable","11":"shipping-taxable","12":"purchasable","13":"product-type-simple"},"_links":{"self":[{"href":"https:\/\/masterdance.academy\/sklep\/wp-json\/wp\/v2\/product\/12375","targetHints":{"allow":["GET"]}}],"collection":[{"href":"https:\/\/masterdance.academy\/sklep\/wp-json\/wp\/v2\/product"}],"about":[{"href":"https:\/\/masterdance.academy\/sklep\/wp-json\/wp\/v2\/types\/product"}],"author":[{"embeddable":true,"href":"https:\/\/masterdance.academy\/sklep\/wp-json\/wp\/v2\/users\/1"}],"wp:featuredmedia":[{"embeddable":true,"href":"https:\/\/masterdance.academy\/sklep\/wp-json\/wp\/v2\/media\/12376"}],"wp:attachment":[{"href":"https:\/\/masterdance.academy\/sklep\/wp-json\/wp\/v2\/media?parent=12375"}],"wp:term":[{"taxonomy":"product_cat","embeddable":true,"href":"https:\/\/masterdance.academy\/sklep\/wp-json\/wp\/v2\/product_cat?post=12375"},{"taxonomy":"product_tag","embeddable":true,"href":"https:\/\/masterdance.academy\/sklep\/wp-json\/wp\/v2\/product_tag?post=12375"}],"curies":[{"name":"wp","href":"https:\/\/api.w.org\/{rel}","templated":true}]}}