{"id":12368,"date":"2026-03-30T19:14:05","date_gmt":"2026-03-30T19:14:05","guid":{"rendered":"https:\/\/masterdance.academy\/sklep\/?post_type=product&#038;p=12368"},"modified":"2026-03-30T19:18:27","modified_gmt":"2026-03-30T19:18:27","slug":"klej-do-krysztalkow-kreul","status":"publish","type":"product","link":"https:\/\/masterdance.academy\/sklep\/klej-do-krysztalkow-kreul\/","title":{"rendered":"Klej do kryszta\u0142k\u00f3w KREUL"},"content":{"rendered":"","protected":false},"excerpt":{"rendered":"<p>Klej do kryszta\u0142k\u00f3w KREUL to niezawodny wyb\u00f3r dla tancerzy, kt\u00f3rzy chc\u0105 doda\u0107 swoim kostiumom efektownego blasku. Zapewnia mocne i trwa\u0142e mocowanie kryszta\u0142k\u00f3w, cekin\u00f3w oraz drobnych ozd\u00f3b na tkaninach, dzi\u0119ki czemu dekoracje pozostaj\u0105 na miejscu nawet podczas intensywnego ruchu na parkiecie. Formu\u0142a jest wodoodporna, co zwi\u0119ksza trwa\u0142o\u015b\u0107 aplikacji i pozwala zachowa\u0107 estetyczny wygl\u0105d stroju przez d\u0142ugi czas. Precyzyjna aplikacja u\u0142atwia tworzenie detali, a transparentne wyko\u0144czenie nie wp\u0142ywa na wygl\u0105d materia\u0142u.<\/p>\n<p>Produkt dost\u0119pny w dw\u00f3ch pojemno\u015bciach: 29 ml oraz 80 ml \u2013 idealnych zar\u00f3wno do drobnych poprawek, jak i wi\u0119kszych projekt\u00f3w personalizacji kostium\u00f3w, but\u00f3w i akcesori\u00f3w tanecznych.<\/p>\n","protected":false},"author":1,"featured_media":12371,"template":"","meta":[],"product_cat":[54],"product_tag":[],"class_list":{"0":"post-12368","1":"product","2":"type-product","3":"status-publish","4":"has-post-thumbnail","6":"product_cat-akcesoria","8":"first","9":"instock","10":"taxable","11":"shipping-taxable","12":"purchasable","13":"product-type-variable"},"_links":{"self":[{"href":"https:\/\/masterdance.academy\/sklep\/wp-json\/wp\/v2\/product\/12368","targetHints":{"allow":["GET"]}}],"collection":[{"href":"https:\/\/masterdance.academy\/sklep\/wp-json\/wp\/v2\/product"}],"about":[{"href":"https:\/\/masterdance.academy\/sklep\/wp-json\/wp\/v2\/types\/product"}],"author":[{"embeddable":true,"href":"https:\/\/masterdance.academy\/sklep\/wp-json\/wp\/v2\/users\/1"}],"wp:featuredmedia":[{"embeddable":true,"href":"https:\/\/masterdance.academy\/sklep\/wp-json\/wp\/v2\/media\/12371"}],"wp:attachment":[{"href":"https:\/\/masterdance.academy\/sklep\/wp-json\/wp\/v2\/media?parent=12368"}],"wp:term":[{"taxonomy":"product_cat","embeddable":true,"href":"https:\/\/masterdance.academy\/sklep\/wp-json\/wp\/v2\/product_cat?post=12368"},{"taxonomy":"product_tag","embeddable":true,"href":"https:\/\/masterdance.academy\/sklep\/wp-json\/wp\/v2\/product_tag?post=12368"}],"curies":[{"name":"wp","href":"https:\/\/api.w.org\/{rel}","templated":true}]}}