{"id":12324,"date":"2026-01-30T21:17:24","date_gmt":"2026-01-30T21:17:24","guid":{"rendered":"https:\/\/masterdance.academy\/sklep\/?post_type=product&#038;p=12324"},"modified":"2026-02-15T21:34:06","modified_gmt":"2026-02-15T21:34:06","slug":"spodnie-dresowe-master-dance-z-prosta-nogawka-rozowe","status":"publish","type":"product","link":"https:\/\/masterdance.academy\/sklep\/spodnie-dresowe-master-dance-z-prosta-nogawka-rozowe\/","title":{"rendered":"Spodnie dresowe MASTER DANCE z prost\u0105 nogawk\u0105 &#8211; r\u00f3\u017cowe"},"content":{"rendered":"","protected":false},"excerpt":{"rendered":"<p>Spodnie dresowe MASTER DANCE z prost\u0105 nogawk\u0105<\/p>\n<p><strong>Kolor:<\/strong> pudrowy r\u00f3\u017c<\/p>\n<p><strong>Wz\u00f3r:<\/strong> haft, logo MASTER DANCE Academy<\/p>\n<p><strong>Kr\u00f3j:<\/strong> Unisex<\/p>\n<p><strong>Materia\u0142: <\/strong>przyjemna mi\u0119sista dzianina o gramaturze 330g, 70% bawe\u0142na, 30% poliester<\/p>\n","protected":false},"author":1,"featured_media":12347,"template":"","meta":[],"product_cat":[56],"product_tag":[],"class_list":{"0":"post-12324","1":"product","2":"type-product","3":"status-publish","4":"has-post-thumbnail","6":"product_cat-spodnie","8":"first","9":"instock","10":"taxable","11":"shipping-taxable","12":"purchasable","13":"product-type-variable"},"_links":{"self":[{"href":"https:\/\/masterdance.academy\/sklep\/wp-json\/wp\/v2\/product\/12324","targetHints":{"allow":["GET"]}}],"collection":[{"href":"https:\/\/masterdance.academy\/sklep\/wp-json\/wp\/v2\/product"}],"about":[{"href":"https:\/\/masterdance.academy\/sklep\/wp-json\/wp\/v2\/types\/product"}],"author":[{"embeddable":true,"href":"https:\/\/masterdance.academy\/sklep\/wp-json\/wp\/v2\/users\/1"}],"wp:featuredmedia":[{"embeddable":true,"href":"https:\/\/masterdance.academy\/sklep\/wp-json\/wp\/v2\/media\/12347"}],"wp:attachment":[{"href":"https:\/\/masterdance.academy\/sklep\/wp-json\/wp\/v2\/media?parent=12324"}],"wp:term":[{"taxonomy":"product_cat","embeddable":true,"href":"https:\/\/masterdance.academy\/sklep\/wp-json\/wp\/v2\/product_cat?post=12324"},{"taxonomy":"product_tag","embeddable":true,"href":"https:\/\/masterdance.academy\/sklep\/wp-json\/wp\/v2\/product_tag?post=12324"}],"curies":[{"name":"wp","href":"https:\/\/api.w.org\/{rel}","templated":true}]}}