{"id":10665,"date":"2025-05-20T13:08:40","date_gmt":"2025-05-20T13:08:40","guid":{"rendered":"https:\/\/masterdance.academy\/sklep\/?post_type=product&#038;p=10665"},"modified":"2026-02-15T21:39:52","modified_gmt":"2026-02-15T21:39:52","slug":"taneczne-ocieplacze-na-stopy-czarne","status":"publish","type":"product","link":"https:\/\/masterdance.academy\/sklep\/taneczne-ocieplacze-na-stopy-czarne\/","title":{"rendered":"Taneczne ocieplacze na stopy &#8211; czarne"},"content":{"rendered":"","protected":false},"excerpt":{"rendered":"<p>Ocieplacze taneczne to podstawa wyposa\u017cenia ka\u017cdego tancerza i tancerki. Zak\u0142adane przed zaj\u0119ciami z ta\u0144ca oraz podczas rozgrzewki, pozwalaj\u0105 na maksymalne ogrzanie st\u00f3p, kostek i stawu skokowego, przygotowuj\u0105c cia\u0142o do wysi\u0142ku oraz wspieraj\u0105c profilaktyk\u0119 kontuzji.<\/p>\n<p>Mi\u0119kkie, wygodne, od \u015brodka wy\u015bcielone cienkim polarem, doskonale sprawdz\u0105 si\u0119 r\u00f3wnie\u017c jako kapcie domowe.<\/p>\n<p><b>Dost\u0119pne rozmiary: <\/b>34-35, 36-37, 38-39, 40-41<\/p>\n<p><b>Kolory do wyboru<\/b>: Czarny, r\u00f3\u017cowy, mi\u0119towy<\/p>\n","protected":false},"author":1,"featured_media":10672,"template":"","meta":[],"product_cat":[54],"product_tag":[],"class_list":{"0":"post-10665","1":"product","2":"type-product","3":"status-publish","4":"has-post-thumbnail","6":"product_cat-akcesoria","8":"first","9":"instock","10":"taxable","11":"shipping-taxable","12":"purchasable","13":"product-type-variable"},"_links":{"self":[{"href":"https:\/\/masterdance.academy\/sklep\/wp-json\/wp\/v2\/product\/10665","targetHints":{"allow":["GET"]}}],"collection":[{"href":"https:\/\/masterdance.academy\/sklep\/wp-json\/wp\/v2\/product"}],"about":[{"href":"https:\/\/masterdance.academy\/sklep\/wp-json\/wp\/v2\/types\/product"}],"author":[{"embeddable":true,"href":"https:\/\/masterdance.academy\/sklep\/wp-json\/wp\/v2\/users\/1"}],"wp:featuredmedia":[{"embeddable":true,"href":"https:\/\/masterdance.academy\/sklep\/wp-json\/wp\/v2\/media\/10672"}],"wp:attachment":[{"href":"https:\/\/masterdance.academy\/sklep\/wp-json\/wp\/v2\/media?parent=10665"}],"wp:term":[{"taxonomy":"product_cat","embeddable":true,"href":"https:\/\/masterdance.academy\/sklep\/wp-json\/wp\/v2\/product_cat?post=10665"},{"taxonomy":"product_tag","embeddable":true,"href":"https:\/\/masterdance.academy\/sklep\/wp-json\/wp\/v2\/product_tag?post=10665"}],"curies":[{"name":"wp","href":"https:\/\/api.w.org\/{rel}","templated":true}]}}