{"id":3,"date":"2023-01-06T10:43:59","date_gmt":"2023-01-06T10:43:59","guid":{"rendered":"https:\/\/masterdance.academy\/sklep\/?page_id=3"},"modified":"2023-11-28T14:05:33","modified_gmt":"2023-11-28T14:05:33","slug":"polityka-prywatnosci","status":"publish","type":"page","link":"https:\/\/masterdance.academy\/sklep\/polityka-prywatnosci\/","title":{"rendered":"Polityka prywatno\u015bci"},"content":{"rendered":"\t\t<div data-elementor-type=\"wp-page\" data-elementor-id=\"3\" class=\"elementor elementor-3\">\n\t\t\t\t<section class=\"elementor-section elementor-top-section elementor-element elementor-element-7745efb8 elementor-section-boxed elementor-section-height-default elementor-section-height-default\" data-id=\"7745efb8\" data-element_type=\"section\">\n\t\t\t\t\t\t<div class=\"elementor-container elementor-column-gap-default\">\n\t\t\t\t\t<div class=\"elementor-column elementor-col-100 elementor-top-column elementor-element elementor-element-59fb6a18\" data-id=\"59fb6a18\" data-element_type=\"column\">\n\t\t\t<div class=\"elementor-widget-wrap elementor-element-populated\">\n\t\t\t\t\t\t<div class=\"elementor-element elementor-element-64079883 elementor-widget elementor-widget-text-editor\" data-id=\"64079883\" data-element_type=\"widget\" data-widget_type=\"text-editor.default\">\n\t\t\t\t<div class=\"elementor-widget-container\">\n\t\t\t\t\t\t\t\t\t<p><\/p>\n<p><\/p>\n<ol class=\"wp-block-list\">\n<li style=\"list-style-type: none;\">\n<ol><\/ol>\n<\/li>\n<\/ol>\n<p>W\u0142a\u015bcicielem strony internetowej www.masterdance.academy\/sklep jest firma MASTER DANCE sp. z o.o., kt\u00f3ra jest administratorem Twoich danych osobowych.<\/p>\n<p>Niniejsza Polityka prywatno\u015bci okre\u015bla, w jaki spos\u00f3b przetwarzamy informacje gromadzone na stronie www.masterdance.academy\/sklep, a tak\u017ce wyja\u015bnia powody, dla kt\u00f3rych musimy gromadzi\u0107 okre\u015blone dane o u\u017cytkowniku. Dlatego przed rozpocz\u0119ciem korzystania ze strony www.masterdance.academy\/sklep zapoznaj si\u0119 z niniejsz\u0105 Polityk\u0105 Prywatno\u015bci.<\/p>\n<p>Dbamy o Twoje dane osobowe i zobowi\u0105zujemy si\u0119 do zapewnienia ich poufno\u015bci i ochrony.<\/p>\n<h4>Gromadzone przez nas dane osobowe:<\/h4>\n<p>Kiedy wchodzisz na stron\u0119 www.masterdance.academy\/sklep, automatycznie zbieramy pewne informacje o Twoim urz\u0105dzeniu, w tym informacje o Twojej przegl\u0105darce internetowej, adresie IP, strefie czasowej oraz niekt\u00f3rych plikach cookie zainstalowanych na Twoim urz\u0105dzeniu. Ponadto podczas przegl\u0105dania strony zbieramy informacje o poszczeg\u00f3lnych stronach internetowych lub produktach, kt\u00f3re przegl\u0105dasz, jakie strony lub frazy wprowadzone w wyszukiwarce skierowa\u0142y Ci\u0119 na nasz\u0105 Stron\u0119 oraz o tym, w jaki spos\u00f3b z niej korzystasz. Te informacje zbierane automatycznie okre\u015blamy mianem &#8222;Informacji o urz\u0105dzeniu&#8221;. Ponadto, mo\u017cemy gromadzi\u0107 dane osobowe, kt\u00f3re nam przeka\u017cesz (w tym, mi\u0119dzy innymi, imi\u0119, nazwisko, adres, informacje o p\u0142atno\u015bciach itp.) na etapie rejestracji, aby umo\u017cliwi\u0107 realizacj\u0119 umowy.<\/p>\n<h4>Dlaczego przetwarzamy Twoje dane?<\/h4>\n<p>Naszym nadrz\u0119dnym priorytetem jest zapewnienie bezpiecze\u0144stwa danych klient\u00f3w \/ u\u017cytkownik\u00f3w, dlatego te\u017c mo\u017cemy przetwarza\u0107 jedynie ograniczone dane, tylko w takim zakresie, w jakim jest to absolutnie konieczne do utrzymania funkcjonowania Strony. Informacje zbierane automatycznie s\u0105 wykorzystywane wy\u0142\u0105cznie do identyfikacji potencjalnych przypadk\u00f3w nadu\u017cy\u0107 oraz do sporz\u0105dzania danych statystycznych dotycz\u0105cych korzystania z naszej Strony internetowej. Wspomniane dane statystyczne nie s\u0105 gromadzone w spos\u00f3b umo\u017cliwiaj\u0105cy identyfikacj\u0119 konkretnego u\u017cytkownika systemu.<\/p>\n<p>Mo\u017cesz odwiedzi\u0107 nasz\u0105 Stron\u0119 internetow\u0105 bez konieczno\u015bci ujawniania nam swojej to\u017csamo\u015bci lub przekazywania jakichkolwiek informacji, na podstawie kt\u00f3rych kto\u015b m\u00f3g\u0142by rozpozna\u0107 Ci\u0119 jako konkretn\u0105, mo\u017cliw\u0105 do zidentyfikowania osob\u0119. Je\u015bli jednak zechcesz skorzysta\u0107 z niekt\u00f3rych funkcji Strony, lub chcesz otrzymywa\u0107 nasz newsletter, lub poda\u0107 inne informacje poprzez wype\u0142nienie formularza, mo\u017cesz przekaza\u0107 nam swoje dane osobowe, takie jak adres e-mail, imi\u0119, nazwisko, miasto w kt\u00f3rym mieszkasz, firma, organizacja, numer telefonu. Mo\u017cesz zrezygnowa\u0107 z podawania nam swoich danych osobowych, jednak w\u00f3wczas mo\u017cesz nie by\u0107 w stanie korzysta\u0107 z niekt\u00f3rych funkcji Strony. Na przyk\u0142ad, nie b\u0119dziemy w stanie wysy\u0142a\u0107 Ci naszego Newslettera lub nawi\u0105za\u0107 z Tob\u0105 kontaktu bezpo\u015brednio na Stronie. U\u017cytkownicy, kt\u00f3rzy nie s\u0105 pewni, kt\u00f3re informacje s\u0105 obowi\u0105zkowe, mog\u0105 skontaktowa\u0107 si\u0119 z nami pisz\u0105c na adres sklep@masterdance.academy.<\/p>\n<h4>Prosimy, zapoznaj si\u0119 z nast\u0119puj\u0105cymi informacjami:<\/h4>\n<ol>\n<li style=\"list-style-type: none;\">\n<ol>\n<li>\u00a0Administratorem danych osobowych Master Dance Academy jest: MASTER DANCE Sp. z o.o., ul. Ogrodowa 48\/54, 00-876 Warszawa, NIP: 5273066532, KRS: 0001047961.<\/li>\n<li>Celem przetwarzania danych osobowych jest realizacja zam\u00f3wienia internetowego oraz kontakt w ramach opieki posprzeda\u017cowej dotycz\u0105cy: reklamacji, obs\u0142ugi zwrot\u00f3w, przyj\u0119cia odst\u0105pienia od umowy oraz korzystania z rabat\u00f3w przypisanych do konta klienta i promocji.<\/li>\n<li>Warunkiem realizacji zam\u00f3wienia z\u0142o\u017conego przez stron\u0119 www.masterdance.academy jest akceptacja warunk\u00f3w Regulaminu i \u015bwiadome udzielenie zgody na przetwarzanie danych osobowych.<\/li>\n<li>Konsument w celu realizacji zam\u00f3wienia przekazuje nast\u0119puj\u0105ce dane:<br \/>\u2013 imi\u0119 i nazwisko,<br \/>\u2013 adres zamieszkania,<br \/>\u2013 numer telefonu kontaktowego,<br \/>\u2013 adres e-mail,<br \/>\u2013 dat\u0119 urodzenia.<\/li>\n<li>W zwi\u0105zku z przetwarzaniem danych osobowych powy\u017csze dane osobowe s\u0105 przekazywane do firmy obs\u0142uguj\u0105cej nasze serwery na podstawie umowy powierzenia danych osobowych nr 53\/L\/08\/2019 z H88 S.A., ul. Franklina Roosevelta 22, 60-829 Pozna\u0144, Polska, wpisana do Krajowego Rejestru S\u0105dowego przez S\u0105d Rejonowy Pozna\u0144 \u2013 Nowe Miasto i Wilda w Poznaniu, Wydzia\u0142 VIII Gospodarczy Krajowego Rejestru S\u0105dowego pod nr KRS 0000612359, REGON 364261632, NIP 7822622168, kapita\u0142 zak\u0142adowy 425 228,00 z\u0142 w pe\u0142ni wp\u0142acony.<\/li>\n<li>Dane osobowe s\u0105 przechowywane w systemie ActiveNow i na serwerze opisanym w pkt. 5. Dost\u0119p do nich maj\u0105 wy\u0142\u0105cznie osoby posiadaj\u0105ce stosowne upowa\u017cnienie do przetwarzania.<\/li>\n<li>Na naszej Stronie internetowej mog\u0105 znajdowa\u0107 si\u0119 linki do innych witryn, kt\u00f3re nie stanowi\u0105 naszej w\u0142asno\u015bci ani nie s\u0105 przez nas nadzorowane. Informujemy, \u017ce nie ponosimy odpowiedzialno\u015bci za inne strony internetowe ani za ich praktyki zwi\u0105zane z ochron\u0105 prywatno\u015bci. Z tego powodu zach\u0119camy do \u015bwiadomego opuszczenia naszej strony i zapoznania si\u0119 z polityk\u0105 prywatno\u015bci ka\u017cdej strony internetowej, kt\u00f3ra mo\u017ce gromadzi\u0107 dane osobowe.<\/li>\n<li>Administrator danych dla zapewnienia bezpiecze\u0144stwa danych osobowych wykorzystywa\u0107 mo\u017ce technik\u0119 pseudonimizacji i szyfrowania danych a tak\u017ce stosuje minimum dwustopniowe logowanie si\u0119 do wewn\u0119trznych system\u00f3w zawieraj\u0105cych dane osobowe. Zapewniamy bezpiecze\u0144stwo informacji udost\u0119pnianych przez u\u017cytkownika na serwerach komputerowych w \u015brodowisku kontrolowanym, bezpiecznym, zabezpieczonym przed nieuprawnionym dost\u0119pem, wykorzystaniem lub ujawnieniem. W ramach kontroli i nadzoru stosujemy odpowiednie zabezpieczenia administracyjne, techniczne i fizyczne w celu ochrony przed nieuprawnionym dost\u0119pem, wykorzystaniem, modyfikacj\u0105 i ujawnieniem danych osobowych. Nie mo\u017cemy jednak zagwarantowa\u0107 bezpiecze\u0144stwa transmisji danych przez sie\u0107 internetow\u0105 lub bezprzewodow\u0105.<\/li>\n<li>Wszelkie informacje, kt\u00f3re gromadzimy, wykorzystujemy lub otrzymujemy, zostan\u0105 ujawnione, je\u015bli jest to wymagane lub zgodne z prawem, np. w celu wywi\u0105zania si\u0119 z wezwania do s\u0105du lub podobnego post\u0119powania prawnego oraz w\u00f3wczas, gdy w dobrej wierze uznamy, \u017ce ujawnienie jest koniecznie w celu ochrony naszych praw, Twojego bezpiecze\u0144stwa lub bezpiecze\u0144stwa innych os\u00f3b, wykrycia oszustwa lub w odpowiedzi na wezwanie organ\u00f3w rz\u0105dowych.<\/li>\n<li>Dane osobowe b\u0119d\u0105 przetwarzane do odwo\u0142ania zgody a po takim odwo\u0142aniu przez okres przedawnienia roszcze\u0144 przys\u0142uguj\u0105cych administratorowi danych i w stosunku do niego.<\/li>\n<li>Twoje prawa:\n<p>Je\u015bli jeste\u015b obywatelem Unii Europejskiej, przys\u0142uguj\u0105 Ci nast\u0119puj\u0105ce prawa zwi\u0105zane z Twoimi danymi osobowymi:<\/p>\n<ul>\n<li>Prawo do uzyskania informacji.<\/li>\n<li>Prawo dost\u0119pu do informacji.<\/li>\n<li>Prawo do korekty danych.<\/li>\n<li>Prawo do usuni\u0119cia danych.<\/li>\n<li>Prawo do ograniczenia przetwarzania danych.<\/li>\n<li>Prawo do zastrze\u017cenia sposobu przetwarzania danych.<\/li>\n<li>Prawo sprzeciwu.<\/li>\n<li>Prawa odnosz\u0105ce si\u0119 do automatyzacji podejmowania decyzji i profilowania.<\/li>\n<\/ul>\n<p>Je\u015bli chcesz skorzysta\u0107 z tego prawa, skontaktuj si\u0119 z nami za po\u015brednictwem poni\u017cszych danych kontaktowych.<\/p>\n<p>Ponadto, je\u015bli jeste\u015b obywatelem Unii Europejskiej, zaznaczamy, \u017ce dane u\u017cytkownika mog\u0105 by\u0107 przetwarzane w celu realizacji ewentualnych um\u00f3w z nim zawartych (np. w przypadku z\u0142o\u017cenia zam\u00f3wienia za po\u015brednictwem Strony) lub w celu realizacji naszych uzasadnionych dzia\u0142a\u0144 biznesowych wymienionych powy\u017cej. Ponadto nale\u017cy mie\u0107 na uwadze, \u017ce informacje o u\u017cytkowniku mog\u0105 by\u0107 przekazywane poza granice Unii Europejskiej, w tym do Kanady i Stan\u00f3w Zjednoczonych.<\/p>\n<\/li>\n<li>\n<p>Dane dost\u0119powe do wewn\u0119trznych system\u00f3w zawieraj\u0105cych dane osobowe przechowywane s\u0105 w zalakowanej kopercie w zaszyfrowanym sejfie.<\/p>\n<\/li>\n<li>\n<p>Strona internetowa www.masterdance.academy\/sklep mo\u017ce wykorzystywa\u0107 pliki cookies, kt\u00f3re s\u0142u\u017c\u0105 identyfikacji Twojej przegl\u0105darki podczas korzystania z naszej strony, aby\u015bmy wiedzieli jak\u0105 stron\u0119 Ci wy\u015bwietli\u0107. Uwaga: cookies nie zawieraj\u0105 \u017cadnych danych osobowych.<\/p>\n<\/li>\n<li>\n<p>Biurem w\u0142a\u015bciwym do sk\u0142adania skarg w zakresie przetwarzania danych osobowych jest:<\/p>\n<\/li>\n<li>\n<p>Administrator wyznaczy\u0142 Inspektora Ochrony Danych, z kt\u00f3rym mo\u017cna si\u0119 kontaktowa\u0107 pisemnie, za pomoc\u0105 poczty tradycyjnej na adres: MASTER DANCE Sp. z o.o., ul. Ogrodowa 48\/54, 00-876 Warszawa, NIP: 5273066532, KRS: 0001047961 lub email: sklep@masterdance.academy.<\/p>\n<\/li>\n<li>\n<p>W przypadku jakichkolwiek pyta\u0144 i w\u0105tpliwo\u015bci odno\u015bnie ochrony danych osobowych prosimy o kontakt z biurem MDA pod adresem e-mail: sklep@masterdance.academy.<\/p>\n<\/li>\n<\/ol>\n<\/li>\n<\/ol>\n<p><\/p>\n<ol>\n<li style=\"list-style-type: none;\">\u00a0<\/li>\n<\/ol>\n<p><\/p>\n<ol>\n<li style=\"list-style-type: none;\">\u00a0<\/li>\n<\/ol>\n<p><\/p>\n<ol>\n<li style=\"list-style-type: none;\">\u00a0<\/li>\n<\/ol>\n<p><\/p>\n<ol>\n<li style=\"list-style-type: none;\">\u00a0<\/li>\n<\/ol>\n<p><\/p>\n<ol>\n<li style=\"list-style-type: none;\">\u00a0<\/li>\n<\/ol>\n<p><\/p>\n<ol>\n<li style=\"list-style-type: none;\">\u00a0<\/li>\n<\/ol>\n<p><\/p>\n<ol>\n<li style=\"list-style-type: none;\">\u00a0<\/li>\n<\/ol>\n<p><\/p>\n<ol>\n<li style=\"list-style-type: none;\">\u00a0<\/li>\n<\/ol>\n<p><\/p>\n<ol>\n<li style=\"list-style-type: none;\">\u00a0<\/li>\n<\/ol>\n<p><\/p>\n<ol>\n<li style=\"list-style-type: none;\">\u00a0<\/li>\n<\/ol>\n<p><\/p>\n<ol>\n<li style=\"list-style-type: none;\">\u00a0<\/li>\n<\/ol>\n<p><\/p>\n<ol>\n<li style=\"list-style-type: none;\">\u00a0<\/li>\n<\/ol>\n<p><\/p>\n<ol>\n<li style=\"list-style-type: none;\">\u00a0<\/li>\n<\/ol>\n<p><\/p>\n<p><\/p>\t\t\t\t\t\t\t\t<\/div>\n\t\t\t\t<\/div>\n\t\t\t\t\t<\/div>\n\t\t<\/div>\n\t\t\t\t\t<\/div>\n\t\t<\/section>\t\t<\/div>\n\t\t","protected":false},"excerpt":{"rendered":"","protected":false},"author":1,"featured_media":0,"parent":0,"menu_order":0,"comment_status":"closed","ping_status":"closed","template":"","meta":{"footnotes":""},"class_list":["post-3","page","type-page","status-publish","hentry"],"_links":{"self":[{"href":"https:\/\/masterdance.academy\/sklep\/wp-json\/wp\/v2\/pages\/3","targetHints":{"allow":["GET"]}}],"collection":[{"href":"https:\/\/masterdance.academy\/sklep\/wp-json\/wp\/v2\/pages"}],"about":[{"href":"https:\/\/masterdance.academy\/sklep\/wp-json\/wp\/v2\/types\/page"}],"author":[{"embeddable":true,"href":"https:\/\/masterdance.academy\/sklep\/wp-json\/wp\/v2\/users\/1"}],"replies":[{"embeddable":true,"href":"https:\/\/masterdance.academy\/sklep\/wp-json\/wp\/v2\/comments?post=3"}],"version-history":[{"count":11,"href":"https:\/\/masterdance.academy\/sklep\/wp-json\/wp\/v2\/pages\/3\/revisions"}],"predecessor-version":[{"id":8593,"href":"https:\/\/masterdance.academy\/sklep\/wp-json\/wp\/v2\/pages\/3\/revisions\/8593"}],"wp:attachment":[{"href":"https:\/\/masterdance.academy\/sklep\/wp-json\/wp\/v2\/media?parent=3"}],"curies":[{"name":"wp","href":"https:\/\/api.w.org\/{rel}","templated":true}]}}