{"id":12,"date":"2023-01-06T09:49:49","date_gmt":"2023-01-06T09:49:49","guid":{"rendered":"https:\/\/masterdance.academy\/sklep\/?page_id=12"},"modified":"2023-11-22T18:37:38","modified_gmt":"2023-11-22T18:37:38","slug":"zwroty-i-reklamacje","status":"publish","type":"page","link":"https:\/\/masterdance.academy\/sklep\/zwroty-i-reklamacje\/","title":{"rendered":"Zwroty i reklamacje"},"content":{"rendered":"<p>W przeci\u0105gu 30 dni od otrzymania przesy\u0142ki masz mo\u017cliwo\u015b\u0107 rezygnacji z umowy kupna. Warunkiem odst\u0105pienia od umowy jest odes\u0142anie produktu nie nosz\u0105cego \u015blad\u00f3w u\u017cytkowania, uszkodzenia, w oryginalnym opakowaniu \u2013 dopuszczalna jest sytuacja w kt\u00f3rej otworzysz oryginalne opakowanie celem zapoznania si\u0119 z zawarto\u015bci\u0105; towar odsy\u0142any jest na koszt Klienta. Do produktu nale\u017cy za\u0142\u0105czy\u0107 dokument sprzeda\u017cy. Dodatkowo prosimy o wype\u0142nienie formularza odst\u0105pienia od umowy. Nie zwracamy koszt\u00f3w odes\u0142ania do nas produktu. Nie przyjmujemy przesy\u0142ek odsy\u0142anych do nas za pobraniem.<\/p><p><strong>Paczk\u0119 (odpowiednio zabezpieczon\u0105) nale\u017cy odes\u0142a\u0107 pod adres:<\/strong><\/p><p>MASTER DANCE Sp. z o.o.,<br>ul. Ogrodowa 48\/54, 00-876 Warszawa<\/p><p><strong>Skutki odst\u0105pienia od umowy<\/strong><\/p><p>W przypadku odst\u0105pienia od niniejszej umowy, otrzymujesz zwrot warto\u015bci zam\u00f3wionych produkt\u00f3w, wraz z kosztem przesy\u0142ki, w ka\u017cdym przypadku nie p\u00f3\u017aniej ni\u017c 14 dni roboczych od dnia, w kt\u00f3rym Sklep zosta\u0142 poinformowany o decyzji o dokonaniu prawa odst\u0105pienia od niniejszej umowy. Zwrotu p\u0142atno\u015bci przez Sklep zostanie dokonany przy u\u017cyciu takich samych sposob\u00f3w p\u0142atno\u015bci, jakie zosta\u0142y u\u017cyte przez Ciebie w pierwotnej transakcji, chyba \u017ce wyra\u017anie zgodzi\u0142e\u015b si\u0119 na inne rozwi\u0105zanie; w ka\u017cdym przypadku nie poniesiesz \u017cadnych op\u0142at w zwi\u0105zku z tym zwrotem. Koszty odes\u0142ania towaru ponosi kupuj\u0105cy.<\/p>","protected":false},"excerpt":{"rendered":"<p>W przeci\u0105gu 30 dni od otrzymania przesy\u0142ki masz mo\u017cliwo\u015b\u0107 rezygnacji z umowy kupna. Warunkiem odst\u0105pienia od umowy jest odes\u0142anie produktu nie nosz\u0105cego \u015blad\u00f3w u\u017cytkowania, uszkodzenia, w oryginalnym opakowaniu \u2013 dopuszczalna jest sytuacja w kt\u00f3rej otworzysz oryginalne opakowanie celem zapoznania si\u0119 z zawarto\u015bci\u0105; towar odsy\u0142any jest na koszt Klienta. Do produktu nale\u017cy za\u0142\u0105czy\u0107 dokument sprzeda\u017cy. Dodatkowo [&hellip;]<\/p>\n","protected":false},"author":1,"featured_media":0,"parent":0,"menu_order":0,"comment_status":"closed","ping_status":"closed","template":"","meta":{"footnotes":""},"class_list":["post-12","page","type-page","status-publish","hentry"],"_links":{"self":[{"href":"https:\/\/masterdance.academy\/sklep\/wp-json\/wp\/v2\/pages\/12","targetHints":{"allow":["GET"]}}],"collection":[{"href":"https:\/\/masterdance.academy\/sklep\/wp-json\/wp\/v2\/pages"}],"about":[{"href":"https:\/\/masterdance.academy\/sklep\/wp-json\/wp\/v2\/types\/page"}],"author":[{"embeddable":true,"href":"https:\/\/masterdance.academy\/sklep\/wp-json\/wp\/v2\/users\/1"}],"replies":[{"embeddable":true,"href":"https:\/\/masterdance.academy\/sklep\/wp-json\/wp\/v2\/comments?post=12"}],"version-history":[{"count":3,"href":"https:\/\/masterdance.academy\/sklep\/wp-json\/wp\/v2\/pages\/12\/revisions"}],"predecessor-version":[{"id":8537,"href":"https:\/\/masterdance.academy\/sklep\/wp-json\/wp\/v2\/pages\/12\/revisions\/8537"}],"wp:attachment":[{"href":"https:\/\/masterdance.academy\/sklep\/wp-json\/wp\/v2\/media?parent=12"}],"curies":[{"name":"wp","href":"https:\/\/api.w.org\/{rel}","templated":true}]}}